{"id":29992,"date":"2025-04-28T09:48:15","date_gmt":"2025-04-28T07:48:15","guid":{"rendered":"https:\/\/geacap.hgi-cgs.hr\/?page_id=29992"},"modified":"2025-04-28T10:41:35","modified_gmt":"2025-04-28T08:41:35","slug":"o-projektu","status":"publish","type":"page","link":"https:\/\/geacap.hgi-cgs.hr\/index.php\/o-projektu\/","title":{"rendered":"O projektu"},"content":{"rendered":"<p>[et_pb_section fb_built=&#8221;1&#8243; custom_padding_last_edited=&#8221;on|desktop&#8221; admin_label=&#8221;Hero Section&#8221; module_id=&#8221;dotover&#8221; _builder_version=&#8221;4.27.4&#8243; background_color=&#8221;#ffffff&#8221; background_image=&#8221;https:\/\/geacap.hgi-cgs.hr\/wp-content\/uploads\/2025\/04\/naslovna-scaled.jpg&#8221; custom_padding_tablet=&#8221;50px|0|50px|0&#8243; custom_padding_phone=&#8221;&#8221; custom_css_after=&#8221;content: %22%22;||background: url(&#8216;https:\/\/www.infiniteimagination.com.au\/business\/wp-content\/uploads\/2016\/09\/texture.png&#8217;) repeat;||top: 0;||left: 0;||bottom: 0;||right: 0;||position: absolute;||z-index: 1;||&#8221; transparent_background=&#8221;off&#8221; padding_mobile=&#8221;off&#8221; make_fullwidth=&#8221;off&#8221; use_custom_width=&#8221;off&#8221; width_unit=&#8221;on&#8221; collapsed=&#8221;on&#8221; global_colors_info=&#8221;{}&#8221;][et_pb_row column_structure=&#8221;1_3,2_3&#8243; padding_mobile=&#8221;off&#8221; column_padding_mobile=&#8221;on&#8221; admin_label=&#8221;Row&#8221; _builder_version=&#8221;4.16&#8243; background_size=&#8221;initial&#8221; background_position=&#8221;top_left&#8221; background_repeat=&#8221;repeat&#8221; custom_margin=&#8221;-52px|auto||auto||&#8221; custom_padding=&#8221;3.5%||2.8%|||&#8221; make_fullwidth=&#8221;off&#8221; use_custom_width=&#8221;off&#8221; width_unit=&#8221;on&#8221; global_colors_info=&#8221;{}&#8221;][et_pb_column type=&#8221;1_3&#8243; _builder_version=&#8221;4.16&#8243; custom_padding=&#8221;|||&#8221; global_colors_info=&#8221;{}&#8221; custom_padding__hover=&#8221;|||&#8221;][et_pb_cta admin_label=&#8221;Need help with that?&#8221; module_id=&#8221;toptext&#8221; _builder_version=&#8221;4.27.4&#8243; header_font=&#8221;Open Sans|||on|&#8221; header_text_color=&#8221;#ffffff&#8221; header_font_size=&#8221;52&#8243; header_line_height=&#8221;1.5em&#8221; body_font=&#8221;Open Sans||||&#8221; body_text_color=&#8221;#ffffff&#8221; body_font_size=&#8221;18&#8243; body_line_height=&#8221;1.5em&#8221; use_background_color=&#8221;off&#8221; background_size=&#8221;initial&#8221; background_position=&#8221;top_left&#8221; background_repeat=&#8221;repeat&#8221; custom_button=&#8221;on&#8221; button_text_color=&#8221;#ffffff&#8221; button_bg_color=&#8221;rgba(0,0,0,0)&#8221; button_border_color=&#8221;rgba(255,255,255,0.6)&#8221; button_border_radius=&#8221;0&#8243; button_font=&#8221;Oswald||||&#8221; button_icon=&#8221;&#x39;||divi||400&#8243; custom_margin=&#8221;-19px||201px|||&#8221; header_font_size_tablet=&#8221;50&#8243; header_font_size_phone=&#8221;30&#8243; header_font_size_last_edited=&#8221;on|desktop&#8221; custom_css_main_element=&#8221;position: relative; z-index: 3;&#8221; custom_css_promo_button=&#8221;margin-top: 30px;&#8221; custom_css_promo_title=&#8221;font-weight: 800;&#8221; use_border_color=&#8221;off&#8221; border_color=&#8221;#ffffff&#8221; border_style=&#8221;solid&#8221; button_text_color_hover=&#8221;#ffffff&#8221; button_border_color_hover=&#8221;rgba(0,0,0,0)&#8221; button_border_radius_hover=&#8221;0&#8243; button_letter_spacing_hover=&#8221;3&#8243; button_bg_color_hover=&#8221;rgba(255,255,255,0.2)&#8221; global_colors_info=&#8221;{}&#8221; button_text_size__hover_enabled=&#8221;off&#8221; button_one_text_size__hover_enabled=&#8221;off&#8221; button_two_text_size__hover_enabled=&#8221;off&#8221; button_text_color__hover_enabled=&#8221;on&#8221; button_text_color__hover=&#8221;#ffffff&#8221; button_one_text_color__hover_enabled=&#8221;off&#8221; button_two_text_color__hover_enabled=&#8221;off&#8221; button_border_width__hover_enabled=&#8221;off&#8221; button_one_border_width__hover_enabled=&#8221;off&#8221; button_two_border_width__hover_enabled=&#8221;off&#8221; button_border_color__hover_enabled=&#8221;on&#8221; button_border_color__hover=&#8221;rgba(0,0,0,0)&#8221; button_one_border_color__hover_enabled=&#8221;off&#8221; button_two_border_color__hover_enabled=&#8221;off&#8221; button_border_radius__hover_enabled=&#8221;on&#8221; button_border_radius__hover=&#8221;0&#8243; button_one_border_radius__hover_enabled=&#8221;off&#8221; button_two_border_radius__hover_enabled=&#8221;off&#8221; button_letter_spacing__hover_enabled=&#8221;on&#8221; button_letter_spacing__hover=&#8221;3&#8243; button_one_letter_spacing__hover_enabled=&#8221;off&#8221; button_two_letter_spacing__hover_enabled=&#8221;off&#8221; button_bg_color__hover_enabled=&#8221;on&#8221; button_bg_color__hover=&#8221;rgba(255,255,255,0.2)&#8221; button_one_bg_color__hover_enabled=&#8221;off&#8221; button_two_bg_color__hover_enabled=&#8221;off&#8221;]<\/p>\n<h2 style=\"text-align: right;\"><span style=\"color: #fcbf00;\">GEACAP<\/span><\/h2>\n<p>[\/et_pb_cta][\/et_pb_column][et_pb_column type=&#8221;2_3&#8243; _builder_version=&#8221;4.16&#8243; custom_padding=&#8221;|||&#8221; global_colors_info=&#8221;{}&#8221; custom_padding__hover=&#8221;|||&#8221;][et_pb_text _builder_version=&#8221;4.27.4&#8243; _module_preset=&#8221;default&#8221; header_5_text_color=&#8221;#242424&#8243; header_5_font_size=&#8221;20px&#8221; global_colors_info=&#8221;{}&#8221;]<\/p>\n<h5 style=\"text-align: left;\"><strong><em>Globalni doga\u0111aji u naslagama Jadranske karbonatne platforme<br \/><\/em><\/strong><\/h5>\n<h5 style=\"text-align: left;\"><strong><em>\u00a0<\/em><\/strong><\/h5>\n<p>[\/et_pb_text][\/et_pb_column][\/et_pb_row][\/et_pb_section][et_pb_section fb_built=&#8221;1&#8243; custom_padding_last_edited=&#8221;on|desktop&#8221; admin_label=&#8221;Section&#8221; module_id=&#8221;next&#8221; _builder_version=&#8221;4.27.4&#8243; background_color=&#8221;#ffffff&#8221; parallax=&#8221;on&#8221; parallax_method=&#8221;off&#8221; custom_margin=&#8221;-100px||||false|false&#8221; custom_padding=&#8221;21px||0px|||&#8221; custom_padding_tablet=&#8221;50px|0|50px|0&#8243; custom_padding_phone=&#8221;&#8221; transparent_background=&#8221;off&#8221; padding_mobile=&#8221;off&#8221; make_fullwidth=&#8221;off&#8221; use_custom_width=&#8221;off&#8221; width_unit=&#8221;on&#8221; collapsed=&#8221;on&#8221; global_colors_info=&#8221;{}&#8221;][et_pb_row admin_label=&#8221;Row&#8221; _builder_version=&#8221;4.16&#8243; background_size=&#8221;initial&#8221; background_position=&#8221;top_left&#8221; background_repeat=&#8221;repeat&#8221; custom_padding=&#8221;9px|||||&#8221; global_colors_info=&#8221;{}&#8221;][et_pb_column type=&#8221;4_4&#8243; _builder_version=&#8221;4.16&#8243; custom_padding=&#8221;|||&#8221; global_colors_info=&#8221;{}&#8221; custom_padding__hover=&#8221;|||&#8221;][et_pb_blurb title=&#8221;O projektu&#8221; use_icon=&#8221;on&#8221; font_icon=&#8221;&#xe009;||divi||400&#8243; icon_color=&#8221;#fcbf00&#8243; icon_placement=&#8221;left&#8221; image_icon_width=&#8221;34&#8243; image_icon_width_tablet=&#8221;&#8221; image_icon_width_phone=&#8221;28&#8243; image_icon_width_last_edited=&#8221;on|phone&#8221; admin_label=&#8221;Blurb&#8221; _builder_version=&#8221;4.27.4&#8243; header_font=&#8221;Open Sans|||on|&#8221; header_text_color=&#8221;#494949&#8243; header_font_size=&#8221;22&#8243; header_line_height=&#8221;1.5em&#8221; body_font=&#8221;Open Sans||||&#8221; body_text_color=&#8221;#666666&#8243; body_font_size=&#8221;16&#8243; body_line_height=&#8221;1.5em&#8221; background_size=&#8221;initial&#8221; background_position=&#8221;top_left&#8221; background_repeat=&#8221;repeat&#8221; custom_margin=&#8221;||30px|400px|false|false&#8221; custom_padding=&#8221;70px||0px||false|false&#8221; animation=&#8221;off&#8221; custom_css_blurb_title=&#8221;font-weight: 800;||border-style: solid;||border-color: #aeafaf;||border-left-width: 1px;||padding: 0px 0px 1px 15px;||\/*margin-left: 0px;*\/||&#8221; use_border_color=&#8221;off&#8221; border_color=&#8221;#ffffff&#8221; border_style=&#8221;solid&#8221; image_max_width=&#8221;none&#8221; icon_font_size=&#8221;34&#8243; icon_font_size_tablet=&#8221;&#8221; icon_font_size_phone=&#8221;28&#8243; icon_font_size_last_edited=&#8221;on|phone&#8221; use_circle=&#8221;off&#8221; use_circle_border=&#8221;off&#8221; circle_border_color=&#8221;#fcbf00&#8243; circle_color=&#8221;#ffffff&#8221; global_colors_info=&#8221;{}&#8221;][\/et_pb_blurb][et_pb_text _builder_version=&#8221;4.27.4&#8243; _module_preset=&#8221;default&#8221; custom_margin=&#8221;60px|||||&#8221; global_colors_info=&#8221;{}&#8221;]<\/p>\n<p>Oceanski anoksi\u010dni doga\u0111aji predstavljaju globalna krizna razdoblja planeta Zemlje. Glavne karakteristike ovih, geolo\u0161ki gledano relativno kratkotrajnih epizoda su stratifikacija vodenog stupca i pad oksigenacije u razli\u010ditim horizontima oceana. Inicijalni uzrok su masivne vulkanske erupcije, a direktna posljedica izumiranje pojedinih skupina organizama i evolucija niza novih biljnih i \u017eivotinjskih vrsta. Projekt GEACAP fokusiran je na tri glavna anoksi\u010dna doga\u0111aja koji su ostavili mjerljive i dokazane tragove (geokemijske, biolo\u0161ke, litolo\u0161ke) u paleookoli\u0161ima plitkomorske Jadranske karbonatne platforme: toarcijski anoksi\u010dni doga\u0111aj (T-OAE), oceanski anoksi\u010dni doga\u0111aj OAE2 (Bonarelli) i oceanski anoksi\u010dni doga\u0111aj OAE3. Specifi\u010dnost globalnih anoksija u plitkomorskim naslagama nekada\u0161nje Jadranske karbonatne platforme su intervali bogati organskom tvari s negativnim otklonom koncentracije omjera stabilnih izotopa ugljika, o\u0161tra granica izumiranja pojedinih organizama i promjene facijesa.<\/p>\n<p>Povezanost boksitnih le\u017ei\u0161ta Jadranske karbonatne platforme s vulkanoklasti\u010dnim doga\u0111ajima otvara nove mogu\u0107nosti u rekonstrukciji klimatskih uvjeta i preciznijeg datiranja emerzijskih horizonata. Apsolutna datiranja detritalnih cirkona iz boksitnih le\u017ei\u0161ta kao i brojne analiti\u010dke metode \u201eboksitnog matriksa\u201c do sada su pokazala da ove pojave imaju karakter relativno kratkotrajnih vulkanskih i specifi\u010dnih klimatskih epizoda. Metode potrebne za provedbu projekta su: geokemija stabilnih izotopa, geokronologija (LA-ICP-MS), SEM-EDS, XRD, Whole-rock geokemija, te\u0161ka-laka frakcionacija, geolo\u0161ko kartiranje, snimanja geolo\u0161kih stupova, mikropaleontologija i mikropetrografija. Istra\u017eivanja spomenutih doga\u0111aja aktualizmom se mogu povezati s recentnim klimatskim promjenama, hidrolo\u0161kim ciklusima, stratifikacijom u morskim okoli\u0161ima te sve \u010de\u0161\u0107im pojavama disoksi\u010dnih podru\u010dja.<\/p>\n<p>[\/et_pb_text][et_pb_text _builder_version=&#8221;4.27.4&#8243; _module_preset=&#8221;default&#8221; global_colors_info=&#8221;{}&#8221;]<\/p>\n<p><em><strong>Cilj projekta<\/strong><\/em><\/p>\n<p>Cilj ovog projekta je podizanje produktivnosti i kvalitete znanstvenih istra\u017eivanja te razvoj ljudskih potencijala Zavoda za geologiju Hrvatskog geolo\u0161kog instituta (Strategija pametne specijalizacije RH \u2013 S.3., Osnovni strate\u0161ki ciljevi HGI-a \u2013 C.1., C.5.). Preciznije, cilj projekta su specijalizirana i ciljana istra\u017eivanja globalno prepoznatih tema koje su u RH nedovoljno istra\u017eene. Financiranje terenskog rada projektnog tima, analitike u HGI-u i referentnim stranim laboratorijima omogu\u0107ava open access publiciranje niza radova na spomenutu temu (Q1\/Q2). Uspostavljeni projektni tim i kombiniranje razli\u010ditih specijalizacija poma\u017ee rje\u0161avanju kompleksne tematike (kartiranje, paleontologija, geokemija, geokronologija, paleoekologija, strukturna geologija, mineralogija, vulkanologija) te pove\u0107ava trenuta\u010dni ljudski potencijal HGI-a. Povezanost s istra\u017eiva\u010dima u inozemnim me\u0111unarodno prepoznatljivim znanstvenim institucijama dovodi do novih suradnji na budu\u0107im vanjskim i doma\u0107im znanstvenim projektima. Implikacije rezultata projekta na recentne klimatske i oceanske promjene tako\u0111er mogu pove\u0107ati va\u017enost spomenutih istra\u017eivanja.<\/p>\n<p>[\/et_pb_text][et_pb_text _builder_version=&#8221;4.27.4&#8243; _module_preset=&#8221;default&#8221; global_colors_info=&#8221;{}&#8221;]<\/p>\n<p><em><strong><\/strong><\/em><\/p>\n<p><em><strong>Trajanje projekta<\/strong><\/em><\/p>\n<p>01.01.2024.\u201331.12.2027.<\/p>\n<p>&nbsp;<\/p>\n<p><em><strong>Financiranje projekta<\/strong><\/em><\/p>\n<p>Istra\u017eiva\u010dki projekt pra\u0107en od strane Ministarstva znanosti i obrazovanja Republike Hrvatske.<\/p>\n<p>Sredstva iz Nacionalnog plana oporavka i otpornosti 2021.\u20132026. \u2013 NextGenerationEU.<\/p>\n<p>Ukupna financijska vrijednost projekta: 60.852,00 \u20ac<\/p>\n<p>[\/et_pb_text][\/et_pb_column][\/et_pb_row][\/et_pb_section][et_pb_section fb_built=&#8221;1&#8243; _builder_version=&#8221;4.27.4&#8243; _module_preset=&#8221;default&#8221; global_colors_info=&#8221;{}&#8221;][\/et_pb_section]<\/p>\n","protected":false},"excerpt":{"rendered":"<p>GEACAPGlobalni doga\u0111aji u naslagama Jadranske karbonatne platforme \u00a0Oceanski anoksi\u010dni doga\u0111aji predstavljaju globalna krizna razdoblja planeta Zemlje. Glavne karakteristike ovih, geolo\u0161ki gledano relativno kratkotrajnih epizoda su stratifikacija vodenog stupca i pad oksigenacije u razli\u010ditim horizontima oceana. Inicijalni uzrok su masivne vulkanske erupcije, a direktna posljedica izumiranje pojedinih skupina organizama i evolucija niza novih biljnih i \u017eivotinjskih [&hellip;]<\/p>\n","protected":false},"author":2,"featured_media":0,"parent":0,"menu_order":0,"comment_status":"closed","ping_status":"closed","template":"","meta":{"_et_pb_use_builder":"on","_et_pb_old_content":"","_et_gb_content_width":"","footnotes":""},"class_list":["post-29992","page","type-page","status-publish","hentry"],"_links":{"self":[{"href":"https:\/\/geacap.hgi-cgs.hr\/index.php\/wp-json\/wp\/v2\/pages\/29992","targetHints":{"allow":["GET"]}}],"collection":[{"href":"https:\/\/geacap.hgi-cgs.hr\/index.php\/wp-json\/wp\/v2\/pages"}],"about":[{"href":"https:\/\/geacap.hgi-cgs.hr\/index.php\/wp-json\/wp\/v2\/types\/page"}],"author":[{"embeddable":true,"href":"https:\/\/geacap.hgi-cgs.hr\/index.php\/wp-json\/wp\/v2\/users\/2"}],"replies":[{"embeddable":true,"href":"https:\/\/geacap.hgi-cgs.hr\/index.php\/wp-json\/wp\/v2\/comments?post=29992"}],"version-history":[{"count":5,"href":"https:\/\/geacap.hgi-cgs.hr\/index.php\/wp-json\/wp\/v2\/pages\/29992\/revisions"}],"predecessor-version":[{"id":30036,"href":"https:\/\/geacap.hgi-cgs.hr\/index.php\/wp-json\/wp\/v2\/pages\/29992\/revisions\/30036"}],"wp:attachment":[{"href":"https:\/\/geacap.hgi-cgs.hr\/index.php\/wp-json\/wp\/v2\/media?parent=29992"}],"curies":[{"name":"wp","href":"https:\/\/api.w.org\/{rel}","templated":true}]}}